{"id":14,"date":"2024-05-09T14:00:25","date_gmt":"2024-05-09T12:00:25","guid":{"rendered":"https:\/\/charlotte-fossati.ch\/?page_id=14"},"modified":"2024-05-23T05:10:03","modified_gmt":"2024-05-23T03:10:03","slug":"a-propos","status":"publish","type":"page","link":"https:\/\/medjo.ch\/en\/a-propos\/","title":{"rendered":"About"},"content":{"rendered":"<p>[et_pb_section fb_built=\u00a0\u00bb1&Prime; custom_padding_last_edited=\u00a0\u00bbon|phone\u00a0\u00bb admin_label=\u00a0\u00bbHeader\u00a0\u00bb _builder_version=\u00a0\u00bb4.25.1&Prime; _module_preset=\u00a0\u00bbdefault\u00a0\u00bb custom_padding_tablet=\u00a0\u00bb\u00a0\u00bb custom_padding_phone=\u00a0\u00bb0px||0px||false|false\u00a0\u00bb locked=\u00a0\u00bboff\u00a0\u00bb collapsed=\u00a0\u00bbon\u00a0\u00bb global_colors_info=\u00a0\u00bb{}\u00a0\u00bb][et_pb_row custom_padding_last_edited=\u00a0\u00bbon|phone\u00a0\u00bb _builder_version=\u00a0\u00bb4.25.1&Prime; _module_preset=\u00a0\u00bbdefault\u00a0\u00bb width=\u00a0\u00bb90%\u00a0\u00bb max_width=\u00a0\u00bb2000px\u00a0\u00bb custom_padding_tablet=\u00a0\u00bb\u00a0\u00bb custom_padding_phone=\u00a0\u00bb||0px||false|false\u00a0\u00bb global_colors_info=\u00a0\u00bb{}\u00a0\u00bb][et_pb_column type=\u00a0\u00bb4_4&Prime; _builder_version=\u00a0\u00bb4.24.2&Prime; _module_preset=\u00a0\u00bbdefault\u00a0\u00bb global_colors_info=\u00a0\u00bb{}\u00a0\u00bb][et_pb_text _builder_version=\u00a0\u00bb4.25.1&Prime; _module_preset=\u00a0\u00bbe361eabd-dcb3-48c8-9095-2689ac4e3306&Prime; global_colors_info=\u00a0\u00bb{}\u00a0\u00bb]<\/p>\n<h1>A propos<\/h1>\n<p>[\/et_pb_text][\/et_pb_column][\/et_pb_row][et_pb_row column_structure=\u00a0\u00bb1_2,1_2&Prime; _builder_version=\u00a0\u00bb4.24.2&Prime; _module_preset=\u00a0\u00bbdefault\u00a0\u00bb width=\u00a0\u00bb90%\u00a0\u00bb max_width=\u00a0\u00bb2000px\u00a0\u00bb global_colors_info=\u00a0\u00bb{}\u00a0\u00bb][et_pb_column type=\u00a0\u00bb1_2&Prime; _builder_version=\u00a0\u00bb4.24.2&Prime; _module_preset=\u00a0\u00bbdefault\u00a0\u00bb global_colors_info=\u00a0\u00bb{}\u00a0\u00bb][et_pb_text _builder_version=\u00a0\u00bb4.25.1&Prime; _module_preset=\u00a0\u00bb2f18960c-4067-4e2f-9bb5-4cd64b7b32c5&Prime; header_3_font=\u00a0\u00bb|600||on|||||\u00a0\u00bb custom_padding_tablet=\u00a0\u00bb\u00a0\u00bb custom_padding_phone=\u00a0\u00bb||0px||false|false\u00a0\u00bb custom_padding_last_edited=\u00a0\u00bbon|phone\u00a0\u00bb global_colors_info=\u00a0\u00bb{}\u00a0\u00bb]<\/p>\n<h3>d\u00e9couverte<\/h3>\n<p>Elle s\u2019appelle Pierrette Charlotte Fossati, digne originaire du pays des lions indomptables, le Cameroun, Suisse de nationalit\u00e9 et par-dessus tout, citoyenne du monde. C\u2019est une femme tr\u00e8s passionn\u00e9e qui naquit et grandit dans un modeste village o\u00f9 son grand-p\u00e8re exer\u00e7ait les fonctions de chef, de cat\u00e9chiste et de formateur des formateurs.<\/p>\n<h3>Enfance<\/h3>\n<p>Elle est la quatri\u00e8me d&rsquo;une fratrie de sept enfants et depuis depuis toute petite, elle a toujours entretenu une relation \u00e9troite avec feue sa grand-m\u00e8re, qui a connu le veuvage. Dans le but d&rsquo;att\u00e9nuer sa peine, elle d\u00e9cida de s&rsquo;investir dans des activit\u00e9s rurales et de rejoindre des associations visant \u00e0 soutenir les personnes marginalis\u00e9es. Cette exp\u00e9rience lui a permis de d\u00e9couvrir sa v\u00e9ritable vocation dans la vie : celle d&rsquo;apporter assistance \u00e0 autrui. Depuis l&rsquo;\u00e2ge de six ans, elle \u00e9tait \u00e9galement membre d&rsquo;une chorale renomm\u00e9e, \u00ab\u00a0\u00c9chos du Ciel d&rsquo;Akomendibi\u00a0\u00bb, o\u00f9 elle a toujours occup\u00e9 une place de choix. Elle est dot\u00e9e d&rsquo;une aura de locomotive, capable de transformer tout ce qu\u2019elle touche, en or. Elle est constamment pr\u00eate \u00e0 soutenir les causes d\u00e9sesp\u00e9r\u00e9es et s&rsquo;engage volontiers en faveur des droits des femmes, des personnes neuroatypiques et de la sant\u00e9 au travail des collaborateurs. Son enfance et sa jeunesse ont \u00e9t\u00e9 empreintes de joie et de couleurs gr\u00e2ce \u00e0 sa participation \u00e0 des<br \/>conf\u00e9rences, des camps et des concerts. Elle dut redoubler d&rsquo;efforts pour accompagner sa grand-m\u00e8re, qui voyait en elle, l&rsquo;\u00e9poux qu&rsquo;elle avait perdu. Apr\u00e8s le d\u00e9c\u00e8s de son mari, elle lui attribua son nom et le pr\u00e9nom de son d\u00e9funt \u00e9poux, MEDJO Pierre (MEDJO Pierrette).<\/p>\n<p>[\/et_pb_text][\/et_pb_column][et_pb_column type=\u00a0\u00bb1_2&Prime; _builder_version=\u00a0\u00bb4.24.2&Prime; _module_preset=\u00a0\u00bbdefault\u00a0\u00bb global_colors_info=\u00a0\u00bb{}\u00a0\u00bb][et_pb_text _builder_version=\u00a0\u00bb4.25.1&Prime; _module_preset=\u00a0\u00bb2f18960c-4067-4e2f-9bb5-4cd64b7b32c5&Prime; header_3_font=\u00a0\u00bb|700||on|||||\u00a0\u00bb custom_padding_tablet=\u00a0\u00bb\u00a0\u00bb custom_padding_phone=\u00a0\u00bb0px||||false|false\u00a0\u00bb custom_padding_last_edited=\u00a0\u00bbon|phone\u00a0\u00bb global_colors_info=\u00a0\u00bb{}\u00a0\u00bb]<\/p>\n<h3>Vie Professionnelle<\/h3>\n<p>Sa carri\u00e8re d\u00e9buta en tant que secr\u00e9taire comptable, mais tr\u00e8s rapidement, elle prit conscience que sa v\u00e9ritable passion r\u00e9sidait dans l&rsquo;assistance aux autres&#8230; c\u2019est une personne qui est faite pour aider ! pour ne donc pas trahir sa mission de vie, \u00e0<br \/>l&rsquo;\u00e2ge de 35 ans, elle embrasse la profession d&rsquo;assistante sociale et va consacrer sa vie \u00e0 soutenir les personnes dans le besoin.<\/p>\n<h3>R\u00e9alisations<\/h3>\n<p>Parmi ses plus grandes et plus belles r\u00e9alisations, elle se f\u00e9licite d&rsquo;avoir instaur\u00e9 un programme de pr\u00e9vention de l&rsquo;addiction destin\u00e9 aux cadres d&rsquo;une organisation internationale bas\u00e9e \u00e0 Gen\u00e8ve, un programme enseign\u00e9 depuis un certain temps dans plusieurs universit\u00e9s de r\u00e9f\u00e9rence. Elle se bat ardemment pour les droits des m\u00e8res c\u00e9libataires et des orphelins car elle est<br \/>profond\u00e9ment convaincue que chaque individu m\u00e9rite d&rsquo;\u00eatre soutenu et accompagn\u00e9 dans tous les aspects de sa vie. Si le\u00a0 monde devait retenir une seule chose de cette figure embl\u00e9matique du don de soi pour autrui \u00e0 son sujet, ce serait sa pers\u00e9v\u00e9rance face \u00e0 l&rsquo;adversit\u00e9. Elle a su d\u00e9velopper une telle capacit\u00e9 de connexion \u00e0 autrui, de percevoir la dimension divine\u00a0 en chaque individu et de raviver l&rsquo;espoir perdu. Elle offre un programme d\u2019accompagnement de proximit\u00e9 sans jamais essayer de se substituer \u00e0 la personne qu\u2019elle accompagne. Elle est tr\u00e8s fi\u00e8re de son parcours et continuera, quoi que cela lui coutera, \u00e0 d\u00e9ployer tous les efforts pour insuffler espoir et soutien \u00e0 ceux qui en ont besoin. Sa mission r\u00e9side aussi en cela qu\u2019elle doit faire une diff\u00e9rence dans la vie d&rsquo;autrui et l\u2019aider \u00e0 trouver sa propre lumi\u00e8re.<\/p>\n<p>[\/et_pb_text][\/et_pb_column][\/et_pb_row][et_pb_row custom_padding_last_edited=\u00a0\u00bbon|phone\u00a0\u00bb _builder_version=\u00a0\u00bb4.25.1&Prime; _module_preset=\u00a0\u00bbdefault\u00a0\u00bb width=\u00a0\u00bb90%\u00a0\u00bb max_width=\u00a0\u00bb2000px\u00a0\u00bb custom_padding_tablet=\u00a0\u00bb\u00a0\u00bb custom_padding_phone=\u00a0\u00bb0px||||false|false\u00a0\u00bb global_colors_info=\u00a0\u00bb{}\u00a0\u00bb][et_pb_column type=\u00a0\u00bb4_4&Prime; _builder_version=\u00a0\u00bb4.24.2&Prime; _module_preset=\u00a0\u00bbdefault\u00a0\u00bb global_colors_info=\u00a0\u00bb{}\u00a0\u00bb][et_pb_text _builder_version=\u00a0\u00bb4.25.1&Prime; _module_preset=\u00a0\u00bb2f18960c-4067-4e2f-9bb5-4cd64b7b32c5&Prime; header_3_font=\u00a0\u00bb|600||on|||||\u00a0\u00bb hover_enabled=\u00a0\u00bb0&Prime; global_colors_info=\u00a0\u00bb{}\u00a0\u00bb sticky_enabled=\u00a0\u00bb0&Prime;]<\/p>\n<h3>Philosophie de vie<\/h3>\n<p>Sa philosophie de vie est si noble et si pure qu\u2019elle reste convaincue qu\u2019ensemble les Hommes peuvent b\u00e2tir un monde meilleur et plus optimiste o\u00f9 il fera bon vivre pour tout le monde. Elle rappelle toujours que \u2018\u2019chaque petite action compte et peut engendrer une grande diff\u00e9rence\u2019\u2019. Elle encourage donc \u00e0 trouver sa passion et \u00e0 s&rsquo;engager en faveur des causes qui lui\u00a0 tiennent le plus \u00e0 coeur. Ensemble, nous pouvons changer le monde, aime-t-elle dire\u2026<\/p>\n<p>Elle en appelle \u00e0 ce que chacun, dans un \u00e9lan collectif, travaille \u00e0 entretenir l\u2019optimisme et continuer \u00e0 r\u00e9pandre l&rsquo;amour et l&rsquo;espoir autour de lui. Pour sa part, elle n\u2019a de cesse d\u2019envoyer \u00e0 chaque personne qui croise son chemin, toutes les pens\u00e9es positives, toute l\u2019\u00e9nergie qui l\u2019habite et un soutien ind\u00e9fectible qui vient du fond de son coeur. Prendre soin de soi ne jamais oublier qu\u2019on est, chacun pour sa part, une \u00e9toile brillante dans ce monde\u2026 et \u00e0 bien comprendre son message, on retiendra simplement que les \u00eatres humains constituent la plus fascinante de toutes les constellations qui d\u00e9corent l\u2019univers !<\/p>\n<p>Pierrette Charlotte est le genre de personnes que je souhaite \u00e0 chaque personne de rencontrer un de ces jours sur sa voie.<\/p>\n<p style=\"text-align: right;\"><strong><em>Jan2024\u00a0 par A.H.<\/em><\/strong><\/p>\n<p>[\/et_pb_text][\/et_pb_column][\/et_pb_row][\/et_pb_section][et_pb_section fb_built=\u00a0\u00bb1&Prime; admin_label=\u00a0\u00bbFull Width Video\u00a0\u00bb _builder_version=\u00a0\u00bb4.24.2&Prime; _module_preset=\u00a0\u00bbdefault\u00a0\u00bb background_color=\u00a0\u00bb#000000&Prime; custom_padding=\u00a0\u00bb0px||0px||true|false\u00a0\u00bb locked=\u00a0\u00bboff\u00a0\u00bb collapsed=\u00a0\u00bbon\u00a0\u00bb global_colors_info=\u00a0\u00bb{}\u00a0\u00bb][et_pb_row _builder_version=\u00a0\u00bb4.24.2&Prime; _module_preset=\u00a0\u00bbdefault\u00a0\u00bb width=\u00a0\u00bb100%\u00a0\u00bb max_width=\u00a0\u00bbnone\u00a0\u00bb custom_padding=\u00a0\u00bb0px||0px||true|false\u00a0\u00bb global_colors_info=\u00a0\u00bb{}\u00a0\u00bb][et_pb_column type=\u00a0\u00bb4_4&Prime; _builder_version=\u00a0\u00bb4.24.2&Prime; _module_preset=\u00a0\u00bbdefault\u00a0\u00bb global_colors_info=\u00a0\u00bb{}\u00a0\u00bb][et_pb_image src=\u00a0\u00bbhttps:\/\/medjo.ch\/wp-content\/uploads\/2024\/05\/wide01BW.jpg\u00a0\u00bb title_text=\u00a0\u00bbwide01C\u00a0\u00bb _builder_version=\u00a0\u00bb4.25.1&Prime; _module_preset=\u00a0\u00bbdefault\u00a0\u00bb global_colors_info=\u00a0\u00bb{}\u00a0\u00bb src__hover_enabled=\u00a0\u00bboff|desktop\u00a0\u00bb src__hover=\u00a0\u00bbhttps:\/\/medjo.ch\/wp-content\/uploads\/2024\/05\/wide01C.jpg\u00a0\u00bb][\/et_pb_image][\/et_pb_column][\/et_pb_row][\/et_pb_section]<\/p>\n","protected":false},"excerpt":{"rendered":"<p>A proposd\u00e9couverte Elle s\u2019appelle Pierrette Charlotte Fossati, digne originaire du pays des lions indomptables, le Cameroun, Suisse de nationalit\u00e9 et par-dessus tout, citoyenne du monde. C\u2019est une femme tr\u00e8s passionn\u00e9e qui naquit et grandit dans un modeste village o\u00f9 son grand-p\u00e8re exer\u00e7ait les fonctions de chef, de cat\u00e9chiste et de formateur des formateurs. Enfance Elle [&hellip;]<\/p>\n","protected":false},"author":1,"featured_media":0,"parent":0,"menu_order":20,"comment_status":"closed","ping_status":"closed","template":"","meta":{"_et_pb_use_builder":"on","_et_pb_old_content":"<!-- wp:divi\/placeholder \/-->","_et_gb_content_width":"","footnotes":""},"class_list":["post-14","page","type-page","status-publish","hentry"],"yoast_head":"<!-- This site is optimized with the Yoast SEO plugin v27.3 - https:\/\/yoast.com\/product\/yoast-seo-wordpress\/ -->\n<title>MEDJO - A propos<\/title>\n<meta name=\"description\" content=\"Charlotte Fossati, assistante sociale, job coach, \u00e9crivaine, harmonie conjugale, restauration de la femme bafou\u00e9e, enfant tdah, accompagnement single mums, r\u00e9insertion professionnelle\" \/>\n<meta name=\"robots\" content=\"index, follow, max-snippet:-1, max-image-preview:large, max-video-preview:-1\" \/>\n<link rel=\"canonical\" href=\"https:\/\/medjo.ch\/en\/a-propos\/\" \/>\n<meta property=\"og:locale\" content=\"en_GB\" \/>\n<meta property=\"og:type\" content=\"article\" \/>\n<meta property=\"og:title\" content=\"MEDJO - A propos\" \/>\n<meta property=\"og:description\" content=\"Charlotte Fossati, assistante sociale, job coach, \u00e9crivaine, harmonie conjugale, restauration de la femme bafou\u00e9e, enfant tdah, accompagnement single mums, r\u00e9insertion professionnelle\" \/>\n<meta property=\"og:url\" content=\"https:\/\/medjo.ch\/en\/a-propos\/\" \/>\n<meta property=\"og:site_name\" content=\"MEDJO\" \/>\n<meta property=\"article:modified_time\" content=\"2024-05-23T03:10:03+00:00\" \/>\n<meta property=\"og:image\" content=\"https:\/\/medjo.ch\/wp-content\/uploads\/2024\/05\/nominal.png\" \/>\n\t<meta property=\"og:image:width\" content=\"1538\" \/>\n\t<meta property=\"og:image:height\" content=\"243\" \/>\n\t<meta property=\"og:image:type\" content=\"image\/png\" \/>\n<meta name=\"twitter:card\" content=\"summary_large_image\" \/>\n<meta name=\"twitter:label1\" content=\"Estimated reading time\" \/>\n\t<meta name=\"twitter:data1\" content=\"6 minutes\" \/>\n<script type=\"application\/ld+json\" class=\"yoast-schema-graph\">{\"@context\":\"https:\\\/\\\/schema.org\",\"@graph\":[{\"@type\":\"WebPage\",\"@id\":\"https:\\\/\\\/medjo.ch\\\/a-propos\\\/\",\"url\":\"https:\\\/\\\/medjo.ch\\\/a-propos\\\/\",\"name\":\"MEDJO - A propos\",\"isPartOf\":{\"@id\":\"http:\\\/\\\/medjo.ch\\\/#website\"},\"datePublished\":\"2024-05-09T12:00:25+00:00\",\"dateModified\":\"2024-05-23T03:10:03+00:00\",\"description\":\"Charlotte Fossati, assistante sociale, job coach, \u00e9crivaine, harmonie conjugale, restauration de la femme bafou\u00e9e, enfant tdah, accompagnement single mums, r\u00e9insertion professionnelle\",\"breadcrumb\":{\"@id\":\"https:\\\/\\\/medjo.ch\\\/a-propos\\\/#breadcrumb\"},\"inLanguage\":\"en-GB\",\"potentialAction\":[{\"@type\":\"ReadAction\",\"target\":[\"https:\\\/\\\/medjo.ch\\\/a-propos\\\/\"]}]},{\"@type\":\"BreadcrumbList\",\"@id\":\"https:\\\/\\\/medjo.ch\\\/a-propos\\\/#breadcrumb\",\"itemListElement\":[{\"@type\":\"ListItem\",\"position\":1,\"name\":\"Accueil\",\"item\":\"https:\\\/\\\/medjo.ch\\\/\"},{\"@type\":\"ListItem\",\"position\":2,\"name\":\"A propos\"}]},{\"@type\":\"WebSite\",\"@id\":\"http:\\\/\\\/medjo.ch\\\/#website\",\"url\":\"http:\\\/\\\/medjo.ch\\\/\",\"name\":\"Charlotte Fossati\",\"description\":\"L\u2019inarr\u00eatable conseill\u00e8re\",\"publisher\":{\"@id\":\"http:\\\/\\\/medjo.ch\\\/#organization\"},\"alternateName\":\"Charlotte Fossati, assistante socile, Jobcoach, \u00e9crivaine\",\"potentialAction\":[{\"@type\":\"SearchAction\",\"target\":{\"@type\":\"EntryPoint\",\"urlTemplate\":\"http:\\\/\\\/medjo.ch\\\/?s={search_term_string}\"},\"query-input\":{\"@type\":\"PropertyValueSpecification\",\"valueRequired\":true,\"valueName\":\"search_term_string\"}}],\"inLanguage\":\"en-GB\"},{\"@type\":\"Organization\",\"@id\":\"http:\\\/\\\/medjo.ch\\\/#organization\",\"name\":\"Charlotte Fossati\",\"url\":\"http:\\\/\\\/medjo.ch\\\/\",\"logo\":{\"@type\":\"ImageObject\",\"inLanguage\":\"en-GB\",\"@id\":\"http:\\\/\\\/medjo.ch\\\/#\\\/schema\\\/logo\\\/image\\\/\",\"url\":\"https:\\\/\\\/medjo.ch\\\/wp-content\\\/uploads\\\/2024\\\/05\\\/nominal.png\",\"contentUrl\":\"https:\\\/\\\/medjo.ch\\\/wp-content\\\/uploads\\\/2024\\\/05\\\/nominal.png\",\"width\":1538,\"height\":243,\"caption\":\"Charlotte Fossati\"},\"image\":{\"@id\":\"http:\\\/\\\/medjo.ch\\\/#\\\/schema\\\/logo\\\/image\\\/\"},\"sameAs\":[\"http:\\\/\\\/www.linkedin.com\\\/in\\\/charlotte-fossati-31719a1a\",\"https:\\\/\\\/www.instagram.com\\\/pierrettecharlotte\\\/\"]}]}<\/script>\n<!-- \/ Yoast SEO plugin. -->","yoast_head_json":{"title":"MEDJO - A propos","description":"Charlotte Fossati, social worker, job coach, writer, marital harmony, restoration of wronged women, children with ADHD, support for single mothers, professional reintegration","robots":{"index":"index","follow":"follow","max-snippet":"max-snippet:-1","max-image-preview":"max-image-preview:large","max-video-preview":"max-video-preview:-1"},"canonical":"https:\/\/medjo.ch\/en\/a-propos\/","og_locale":"en_GB","og_type":"article","og_title":"MEDJO - A propos","og_description":"Charlotte Fossati, assistante sociale, job coach, \u00e9crivaine, harmonie conjugale, restauration de la femme bafou\u00e9e, enfant tdah, accompagnement single mums, r\u00e9insertion professionnelle","og_url":"https:\/\/medjo.ch\/en\/a-propos\/","og_site_name":"MEDJO","article_modified_time":"2024-05-23T03:10:03+00:00","og_image":[{"width":1538,"height":243,"url":"https:\/\/medjo.ch\/wp-content\/uploads\/2024\/05\/nominal.png","type":"image\/png"}],"twitter_card":"summary_large_image","twitter_misc":{"Estimated reading time":"6 minutes"},"schema":{"@context":"https:\/\/schema.org","@graph":[{"@type":"WebPage","@id":"https:\/\/medjo.ch\/a-propos\/","url":"https:\/\/medjo.ch\/a-propos\/","name":"MEDJO - A propos","isPartOf":{"@id":"http:\/\/medjo.ch\/#website"},"datePublished":"2024-05-09T12:00:25+00:00","dateModified":"2024-05-23T03:10:03+00:00","description":"Charlotte Fossati, social worker, job coach, writer, marital harmony, restoration of wronged women, children with ADHD, support for single mothers, professional reintegration","breadcrumb":{"@id":"https:\/\/medjo.ch\/a-propos\/#breadcrumb"},"inLanguage":"en-GB","potentialAction":[{"@type":"ReadAction","target":["https:\/\/medjo.ch\/a-propos\/"]}]},{"@type":"BreadcrumbList","@id":"https:\/\/medjo.ch\/a-propos\/#breadcrumb","itemListElement":[{"@type":"ListItem","position":1,"name":"Accueil","item":"https:\/\/medjo.ch\/"},{"@type":"ListItem","position":2,"name":"A propos"}]},{"@type":"WebSite","@id":"http:\/\/medjo.ch\/#website","url":"http:\/\/medjo.ch\/","name":"Charlotte Fossati","description":"The unstoppable advisor","publisher":{"@id":"http:\/\/medjo.ch\/#organization"},"alternateName":"Charlotte Fossati, assistante socile, Jobcoach, \u00e9crivaine","potentialAction":[{"@type":"SearchAction","target":{"@type":"EntryPoint","urlTemplate":"http:\/\/medjo.ch\/?s={search_term_string}"},"query-input":{"@type":"PropertyValueSpecification","valueRequired":true,"valueName":"search_term_string"}}],"inLanguage":"en-GB"},{"@type":"Organization","@id":"http:\/\/medjo.ch\/#organization","name":"Charlotte Fossati","url":"http:\/\/medjo.ch\/","logo":{"@type":"ImageObject","inLanguage":"en-GB","@id":"http:\/\/medjo.ch\/#\/schema\/logo\/image\/","url":"https:\/\/medjo.ch\/wp-content\/uploads\/2024\/05\/nominal.png","contentUrl":"https:\/\/medjo.ch\/wp-content\/uploads\/2024\/05\/nominal.png","width":1538,"height":243,"caption":"Charlotte Fossati"},"image":{"@id":"http:\/\/medjo.ch\/#\/schema\/logo\/image\/"},"sameAs":["http:\/\/www.linkedin.com\/in\/charlotte-fossati-31719a1a","https:\/\/www.instagram.com\/pierrettecharlotte\/"]}]}},"_links":{"self":[{"href":"https:\/\/medjo.ch\/en\/wp-json\/wp\/v2\/pages\/14","targetHints":{"allow":["GET"]}}],"collection":[{"href":"https:\/\/medjo.ch\/en\/wp-json\/wp\/v2\/pages"}],"about":[{"href":"https:\/\/medjo.ch\/en\/wp-json\/wp\/v2\/types\/page"}],"author":[{"embeddable":true,"href":"https:\/\/medjo.ch\/en\/wp-json\/wp\/v2\/users\/1"}],"replies":[{"embeddable":true,"href":"https:\/\/medjo.ch\/en\/wp-json\/wp\/v2\/comments?post=14"}],"version-history":[{"count":11,"href":"https:\/\/medjo.ch\/en\/wp-json\/wp\/v2\/pages\/14\/revisions"}],"predecessor-version":[{"id":289,"href":"https:\/\/medjo.ch\/en\/wp-json\/wp\/v2\/pages\/14\/revisions\/289"}],"wp:attachment":[{"href":"https:\/\/medjo.ch\/en\/wp-json\/wp\/v2\/media?parent=14"}],"curies":[{"name":"wp","href":"https:\/\/api.w.org\/{rel}","templated":true}]}}