{"id":18,"date":"2024-05-09T14:01:20","date_gmt":"2024-05-09T12:01:20","guid":{"rendered":"https:\/\/charlotte-fossati.ch\/?page_id=18"},"modified":"2025-11-19T09:36:42","modified_gmt":"2025-11-19T08:36:42","slug":"accompagnement","status":"publish","type":"page","link":"https:\/\/medjo.ch\/en\/accompagnement\/","title":{"rendered":"Accompaniement"},"content":{"rendered":"<p>[et_pb_section fb_built=\u00a0\u00bb1&Prime; custom_padding_last_edited=\u00a0\u00bbon|phone\u00a0\u00bb admin_label=\u00a0\u00bbHeader\u00a0\u00bb _builder_version=\u00a0\u00bb4.25.1&Prime; _module_preset=\u00a0\u00bbdefault\u00a0\u00bb custom_padding_tablet=\u00a0\u00bb\u00a0\u00bb custom_padding_phone=\u00a0\u00bb0px||0px||true|false\u00a0\u00bb border_width_bottom=\u00a0\u00bb1px\u00a0\u00bb locked=\u00a0\u00bboff\u00a0\u00bb collapsed=\u00a0\u00bbon\u00a0\u00bb global_colors_info=\u00a0\u00bb{}\u00a0\u00bb][et_pb_row _builder_version=\u00a0\u00bb4.24.2&Prime; _module_preset=\u00a0\u00bbdefault\u00a0\u00bb width=\u00a0\u00bb90%\u00a0\u00bb max_width=\u00a0\u00bb2000px\u00a0\u00bb global_colors_info=\u00a0\u00bb{}\u00a0\u00bb][et_pb_column type=\u00a0\u00bb4_4&Prime; _builder_version=\u00a0\u00bb4.24.2&Prime; _module_preset=\u00a0\u00bbdefault\u00a0\u00bb global_colors_info=\u00a0\u00bb{}\u00a0\u00bb][et_pb_text _builder_version=\u00a0\u00bb4.25.1&Prime; _module_preset=\u00a0\u00bbe361eabd-dcb3-48c8-9095-2689ac4e3306&Prime; header_font_size_tablet=\u00a0\u00bb\u00a0\u00bb header_font_size_phone=\u00a0\u00bb37px\u00a0\u00bb header_font_size_last_edited=\u00a0\u00bbon|phone\u00a0\u00bb global_colors_info=\u00a0\u00bb{}\u00a0\u00bb]<\/p>\n<h1>Accompagnement<\/h1>\n<p>Charlotte Fossati est form\u00e9e pour vous accompagner dans les domaines suivants : <a href=\"#JC\">JOB COACH<\/a> | <a href=\"#SM\">SINGLE MUM&rsquo;S<\/a> | <a href=\"#TDAH\">TDAH<\/a> | <a href=\"#RP\">R\u00c9INSERTION PROFESSIONNELLE<\/a><\/p>\n<p>[\/et_pb_text][\/et_pb_column][\/et_pb_row][et_pb_row column_structure=\u00a0\u00bb3_5,2_5&Prime; _builder_version=\u00a0\u00bb4.24.2&Prime; _module_preset=\u00a0\u00bbdefault\u00a0\u00bb width=\u00a0\u00bb90%\u00a0\u00bb max_width=\u00a0\u00bb2000px\u00a0\u00bb global_colors_info=\u00a0\u00bb{}\u00a0\u00bb][et_pb_column type=\u00a0\u00bb3_5&Prime; _builder_version=\u00a0\u00bb4.24.2&Prime; _module_preset=\u00a0\u00bbdefault\u00a0\u00bb global_colors_info=\u00a0\u00bb{}\u00a0\u00bb][et_pb_text module_id=\u00a0\u00bbJC\u00a0\u00bb _builder_version=\u00a0\u00bb4.25.1&Prime; _module_preset=\u00a0\u00bb2f18960c-4067-4e2f-9bb5-4cd64b7b32c5&Prime; header_3_font=\u00a0\u00bb|600||on|||||\u00a0\u00bb global_colors_info=\u00a0\u00bb{}\u00a0\u00bb]<\/p>\n<h3>job coach<\/h3>\n<p>Job coach : Accompagnement personnalis\u00e9 pour l&rsquo;orientation professionnelle, le renforcement des comp\u00e9tences en recherche d&#8217;emploi, l&rsquo;am\u00e9lioration des techniques d&rsquo;entretien et le soutien continu des employ\u00e9s en entreprise.<\/p>\n<p><a href=\"\/rdv\/\">\u2192\u00a0 prenons-rendez-vous<\/a><\/p>\n<p>[\/et_pb_text][et_pb_text module_id=\u00a0\u00bbRP\u00a0\u00bb _builder_version=\u00a0\u00bb4.27.4&Prime; _module_preset=\u00a0\u00bb2f18960c-4067-4e2f-9bb5-4cd64b7b32c5&Prime; header_3_font=\u00a0\u00bb|600||on|||||\u00a0\u00bb global_colors_info=\u00a0\u00bb{}\u00a0\u00bb]<\/p>\n<h3>Migration et emploi (enjeux et r\u00e9alit\u00e9s)<\/h3>\n<p>\u00c9changes et r\u00e9flexions sur l&rsquo;acc\u00e8s \u00e0 l&#8217;emploi pour les personnes migrantes les chemins de\u00a0l&rsquo;int\u00e9gration<\/p>\n<p><a href=\"\/rdv\/\">\u2192\u00a0 prenons-rendez-vous<\/a><\/p>\n<p>[\/et_pb_text][et_pb_text module_id=\u00a0\u00bbRP\u00a0\u00bb _builder_version=\u00a0\u00bb4.25.1&Prime; _module_preset=\u00a0\u00bb2f18960c-4067-4e2f-9bb5-4cd64b7b32c5&Prime; header_3_font=\u00a0\u00bb|600||on|||||\u00a0\u00bb global_colors_info=\u00a0\u00bb{}\u00a0\u00bb]<\/p>\n<h3>r\u00e9insertion professionnelle<\/h3>\n<p>Accompagnement sp\u00e9cialis\u00e9 visant \u00e0 faciliter le retour \u00e0 l&#8217;emploi, l&rsquo;acquisition de nouvelles comp\u00e9tences, et la r\u00e9int\u00e9gration professionnelle apr\u00e8s une p\u00e9riode d&rsquo;inactivit\u00e9 ou de difficult\u00e9s.<\/p>\n<p><a href=\"\/rdv\/\">\u2192\u00a0 prenons-rendez-vous<\/a><\/p>\n<p>[\/et_pb_text][et_pb_text module_id=\u00a0\u00bbTDAH\u00a0\u00bb _builder_version=\u00a0\u00bb4.25.1&Prime; _module_preset=\u00a0\u00bb2f18960c-4067-4e2f-9bb5-4cd64b7b32c5&Prime; header_3_font=\u00a0\u00bb|600||on|||||\u00a0\u00bb global_colors_info=\u00a0\u00bb{}\u00a0\u00bb]<\/p>\n<h3>tdah<\/h3>\n<p>Accompagnement sp\u00e9cialis\u00e9 pour les personnes touch\u00e9es par le TDAH, HPI, TSA, Autisme et autres formes de neurodiversit\u00e9, ax\u00e9 sur la compr\u00e9hension du trouble, le d\u00e9veloppement de strat\u00e9gies d&rsquo;organisation, de concentration, de gestion du temps, et le renforcement des comp\u00e9tences sociales et de l&rsquo;estime de soi.<\/p>\n<p><a href=\"\/rdv\/\">\u2192\u00a0 prenons-rendez-vous<\/a><\/p>\n<p>[\/et_pb_text][et_pb_text module_id=\u00a0\u00bbSM\u00a0\u00bb _builder_version=\u00a0\u00bb4.25.1&Prime; _module_preset=\u00a0\u00bb2f18960c-4067-4e2f-9bb5-4cd64b7b32c5&Prime; header_3_font=\u00a0\u00bb|600||on|||||\u00a0\u00bb global_colors_info=\u00a0\u00bb{}\u00a0\u00bb]<\/p>\n<h3>single mum&rsquo;s<\/h3>\n<p>Soutien sp\u00e9cifique aux m\u00e8res c\u00e9libataires pour concilier vie professionnelle et r\u00f4le parental, renforcer la confiance, surmonter les d\u00e9fis quotidiens et cr\u00e9er un environnement familial \u00e9panouissant.<\/p>\n<p><a href=\"\/rdv\/\">\u2192\u00a0 prenons-rendez-vous<\/a><\/p>\n<p>[\/et_pb_text][\/et_pb_column][et_pb_column type=\u00a0\u00bb2_5&Prime; _builder_version=\u00a0\u00bb4.24.2&Prime; _module_preset=\u00a0\u00bbdefault\u00a0\u00bb global_colors_info=\u00a0\u00bb{}\u00a0\u00bb][et_pb_image src=\u00a0\u00bbhttps:\/\/medjo.ch\/wp-content\/uploads\/2024\/05\/CharlotteF.png\u00a0\u00bb title_text=\u00a0\u00bbCharlotteF\u00a0\u00bb _builder_version=\u00a0\u00bb4.25.1&Prime; _module_preset=\u00a0\u00bbdefault\u00a0\u00bb width=\u00a0\u00bb75%\u00a0\u00bb module_alignment=\u00a0\u00bbcenter\u00a0\u00bb custom_margin=\u00a0\u00bb-30px||||false|false\u00a0\u00bb custom_margin_tablet=\u00a0\u00bb0px||||false|false\u00a0\u00bb custom_margin_phone=\u00a0\u00bb0px||||false|false\u00a0\u00bb custom_margin_last_edited=\u00a0\u00bbon|desktop\u00a0\u00bb global_colors_info=\u00a0\u00bb{}\u00a0\u00bb][\/et_pb_image][\/et_pb_column][\/et_pb_row][\/et_pb_section]<\/p>\n","protected":false},"excerpt":{"rendered":"<p>Accompagnement Charlotte Fossati est form\u00e9e pour vous accompagner dans les domaines suivants : JOB COACH | SINGLE MUM&rsquo;S | TDAH | R\u00c9INSERTION PROFESSIONNELLEjob coach Job coach : Accompagnement personnalis\u00e9 pour l&rsquo;orientation professionnelle, le renforcement des comp\u00e9tences en recherche d&#8217;emploi, l&rsquo;am\u00e9lioration des techniques d&rsquo;entretien et le soutien continu des employ\u00e9s en entreprise. \u2192\u00a0 prenons-rendez-vousMigration et emploi [&hellip;]<\/p>\n","protected":false},"author":1,"featured_media":0,"parent":0,"menu_order":40,"comment_status":"closed","ping_status":"closed","template":"","meta":{"_et_pb_use_builder":"on","_et_pb_old_content":"<!-- wp:divi\/placeholder \/-->","_et_gb_content_width":"","footnotes":""},"class_list":["post-18","page","type-page","status-publish","hentry"],"yoast_head":"<!-- This site is optimized with the Yoast SEO plugin v27.3 - https:\/\/yoast.com\/product\/yoast-seo-wordpress\/ -->\n<title>MEDJO - Accompagnement<\/title>\n<meta name=\"description\" content=\"Charlotte Fossati, assistante sociale, job coach, \u00e9crivaine, harmonie conjugale, restauration de la femme bafou\u00e9e, enfant tdah, accompagnement single mums, r\u00e9insertion professionnelle\" \/>\n<meta name=\"robots\" content=\"index, follow, max-snippet:-1, max-image-preview:large, max-video-preview:-1\" \/>\n<link rel=\"canonical\" href=\"https:\/\/medjo.ch\/en\/accompagnement\/\" \/>\n<meta property=\"og:locale\" content=\"en_GB\" \/>\n<meta property=\"og:type\" content=\"article\" \/>\n<meta property=\"og:title\" content=\"MEDJO - Accompagnement\" \/>\n<meta property=\"og:description\" content=\"Charlotte Fossati, assistante sociale, job coach, \u00e9crivaine, harmonie conjugale, restauration de la femme bafou\u00e9e, enfant tdah, accompagnement single mums, r\u00e9insertion professionnelle\" \/>\n<meta property=\"og:url\" content=\"https:\/\/medjo.ch\/en\/accompagnement\/\" \/>\n<meta property=\"og:site_name\" content=\"MEDJO\" \/>\n<meta property=\"article:modified_time\" content=\"2025-11-19T08:36:42+00:00\" \/>\n<meta property=\"og:image\" content=\"https:\/\/medjo.ch\/wp-content\/uploads\/2024\/05\/nominal.png\" \/>\n\t<meta property=\"og:image:width\" content=\"1538\" \/>\n\t<meta property=\"og:image:height\" content=\"243\" \/>\n\t<meta property=\"og:image:type\" content=\"image\/png\" \/>\n<meta name=\"twitter:card\" content=\"summary_large_image\" \/>\n<meta name=\"twitter:label1\" content=\"Estimated reading time\" \/>\n\t<meta name=\"twitter:data1\" content=\"3 minutes\" \/>\n<script type=\"application\/ld+json\" class=\"yoast-schema-graph\">{\"@context\":\"https:\\\/\\\/schema.org\",\"@graph\":[{\"@type\":\"WebPage\",\"@id\":\"https:\\\/\\\/medjo.ch\\\/accompagnement\\\/\",\"url\":\"https:\\\/\\\/medjo.ch\\\/accompagnement\\\/\",\"name\":\"MEDJO - Accompagnement\",\"isPartOf\":{\"@id\":\"http:\\\/\\\/medjo.ch\\\/#website\"},\"datePublished\":\"2024-05-09T12:01:20+00:00\",\"dateModified\":\"2025-11-19T08:36:42+00:00\",\"description\":\"Charlotte Fossati, assistante sociale, job coach, \u00e9crivaine, harmonie conjugale, restauration de la femme bafou\u00e9e, enfant tdah, accompagnement single mums, r\u00e9insertion professionnelle\",\"breadcrumb\":{\"@id\":\"https:\\\/\\\/medjo.ch\\\/accompagnement\\\/#breadcrumb\"},\"inLanguage\":\"en-GB\",\"potentialAction\":[{\"@type\":\"ReadAction\",\"target\":[\"https:\\\/\\\/medjo.ch\\\/accompagnement\\\/\"]}]},{\"@type\":\"BreadcrumbList\",\"@id\":\"https:\\\/\\\/medjo.ch\\\/accompagnement\\\/#breadcrumb\",\"itemListElement\":[{\"@type\":\"ListItem\",\"position\":1,\"name\":\"Accueil\",\"item\":\"https:\\\/\\\/medjo.ch\\\/\"},{\"@type\":\"ListItem\",\"position\":2,\"name\":\"Accompagnement\"}]},{\"@type\":\"WebSite\",\"@id\":\"http:\\\/\\\/medjo.ch\\\/#website\",\"url\":\"http:\\\/\\\/medjo.ch\\\/\",\"name\":\"Charlotte Fossati\",\"description\":\"L\u2019inarr\u00eatable conseill\u00e8re\",\"publisher\":{\"@id\":\"http:\\\/\\\/medjo.ch\\\/#organization\"},\"alternateName\":\"Charlotte Fossati, assistante socile, Jobcoach, \u00e9crivaine\",\"potentialAction\":[{\"@type\":\"SearchAction\",\"target\":{\"@type\":\"EntryPoint\",\"urlTemplate\":\"http:\\\/\\\/medjo.ch\\\/?s={search_term_string}\"},\"query-input\":{\"@type\":\"PropertyValueSpecification\",\"valueRequired\":true,\"valueName\":\"search_term_string\"}}],\"inLanguage\":\"en-GB\"},{\"@type\":\"Organization\",\"@id\":\"http:\\\/\\\/medjo.ch\\\/#organization\",\"name\":\"Charlotte Fossati\",\"url\":\"http:\\\/\\\/medjo.ch\\\/\",\"logo\":{\"@type\":\"ImageObject\",\"inLanguage\":\"en-GB\",\"@id\":\"http:\\\/\\\/medjo.ch\\\/#\\\/schema\\\/logo\\\/image\\\/\",\"url\":\"https:\\\/\\\/medjo.ch\\\/wp-content\\\/uploads\\\/2024\\\/05\\\/nominal.png\",\"contentUrl\":\"https:\\\/\\\/medjo.ch\\\/wp-content\\\/uploads\\\/2024\\\/05\\\/nominal.png\",\"width\":1538,\"height\":243,\"caption\":\"Charlotte Fossati\"},\"image\":{\"@id\":\"http:\\\/\\\/medjo.ch\\\/#\\\/schema\\\/logo\\\/image\\\/\"},\"sameAs\":[\"http:\\\/\\\/www.linkedin.com\\\/in\\\/charlotte-fossati-31719a1a\",\"https:\\\/\\\/www.instagram.com\\\/pierrettecharlotte\\\/\"]}]}<\/script>\n<!-- \/ Yoast SEO plugin. -->","yoast_head_json":{"title":"MEDJO - Accompagnement","description":"Charlotte Fossati, social worker, job coach, writer, marital harmony, restoration of wronged women, children with ADHD, support for single mothers, professional reintegration","robots":{"index":"index","follow":"follow","max-snippet":"max-snippet:-1","max-image-preview":"max-image-preview:large","max-video-preview":"max-video-preview:-1"},"canonical":"https:\/\/medjo.ch\/en\/accompagnement\/","og_locale":"en_GB","og_type":"article","og_title":"MEDJO - Accompagnement","og_description":"Charlotte Fossati, assistante sociale, job coach, \u00e9crivaine, harmonie conjugale, restauration de la femme bafou\u00e9e, enfant tdah, accompagnement single mums, r\u00e9insertion professionnelle","og_url":"https:\/\/medjo.ch\/en\/accompagnement\/","og_site_name":"MEDJO","article_modified_time":"2025-11-19T08:36:42+00:00","og_image":[{"width":1538,"height":243,"url":"https:\/\/medjo.ch\/wp-content\/uploads\/2024\/05\/nominal.png","type":"image\/png"}],"twitter_card":"summary_large_image","twitter_misc":{"Estimated reading time":"3 minutes"},"schema":{"@context":"https:\/\/schema.org","@graph":[{"@type":"WebPage","@id":"https:\/\/medjo.ch\/accompagnement\/","url":"https:\/\/medjo.ch\/accompagnement\/","name":"MEDJO - Accompagnement","isPartOf":{"@id":"http:\/\/medjo.ch\/#website"},"datePublished":"2024-05-09T12:01:20+00:00","dateModified":"2025-11-19T08:36:42+00:00","description":"Charlotte Fossati, social worker, job coach, writer, marital harmony, restoration of wronged women, children with ADHD, support for single mothers, professional reintegration","breadcrumb":{"@id":"https:\/\/medjo.ch\/accompagnement\/#breadcrumb"},"inLanguage":"en-GB","potentialAction":[{"@type":"ReadAction","target":["https:\/\/medjo.ch\/accompagnement\/"]}]},{"@type":"BreadcrumbList","@id":"https:\/\/medjo.ch\/accompagnement\/#breadcrumb","itemListElement":[{"@type":"ListItem","position":1,"name":"Accueil","item":"https:\/\/medjo.ch\/"},{"@type":"ListItem","position":2,"name":"Accompagnement"}]},{"@type":"WebSite","@id":"http:\/\/medjo.ch\/#website","url":"http:\/\/medjo.ch\/","name":"Charlotte Fossati","description":"The unstoppable advisor","publisher":{"@id":"http:\/\/medjo.ch\/#organization"},"alternateName":"Charlotte Fossati, assistante socile, Jobcoach, \u00e9crivaine","potentialAction":[{"@type":"SearchAction","target":{"@type":"EntryPoint","urlTemplate":"http:\/\/medjo.ch\/?s={search_term_string}"},"query-input":{"@type":"PropertyValueSpecification","valueRequired":true,"valueName":"search_term_string"}}],"inLanguage":"en-GB"},{"@type":"Organization","@id":"http:\/\/medjo.ch\/#organization","name":"Charlotte Fossati","url":"http:\/\/medjo.ch\/","logo":{"@type":"ImageObject","inLanguage":"en-GB","@id":"http:\/\/medjo.ch\/#\/schema\/logo\/image\/","url":"https:\/\/medjo.ch\/wp-content\/uploads\/2024\/05\/nominal.png","contentUrl":"https:\/\/medjo.ch\/wp-content\/uploads\/2024\/05\/nominal.png","width":1538,"height":243,"caption":"Charlotte Fossati"},"image":{"@id":"http:\/\/medjo.ch\/#\/schema\/logo\/image\/"},"sameAs":["http:\/\/www.linkedin.com\/in\/charlotte-fossati-31719a1a","https:\/\/www.instagram.com\/pierrettecharlotte\/"]}]}},"_links":{"self":[{"href":"https:\/\/medjo.ch\/en\/wp-json\/wp\/v2\/pages\/18","targetHints":{"allow":["GET"]}}],"collection":[{"href":"https:\/\/medjo.ch\/en\/wp-json\/wp\/v2\/pages"}],"about":[{"href":"https:\/\/medjo.ch\/en\/wp-json\/wp\/v2\/types\/page"}],"author":[{"embeddable":true,"href":"https:\/\/medjo.ch\/en\/wp-json\/wp\/v2\/users\/1"}],"replies":[{"embeddable":true,"href":"https:\/\/medjo.ch\/en\/wp-json\/wp\/v2\/comments?post=18"}],"version-history":[{"count":9,"href":"https:\/\/medjo.ch\/en\/wp-json\/wp\/v2\/pages\/18\/revisions"}],"predecessor-version":[{"id":332,"href":"https:\/\/medjo.ch\/en\/wp-json\/wp\/v2\/pages\/18\/revisions\/332"}],"wp:attachment":[{"href":"https:\/\/medjo.ch\/en\/wp-json\/wp\/v2\/media?parent=18"}],"curies":[{"name":"wp","href":"https:\/\/api.w.org\/{rel}","templated":true}]}}