{"id":108,"date":"2024-05-10T16:36:36","date_gmt":"2024-05-10T14:36:36","guid":{"rendered":"https:\/\/charlotte-fossati.ch\/?page_id=108"},"modified":"2024-05-11T10:12:15","modified_gmt":"2024-05-11T08:12:15","slug":"rdv","status":"publish","type":"page","link":"https:\/\/medjo.ch\/zh\/rdv\/","title":{"rendered":"\u9884\u7ea6"},"content":{"rendered":"<p>[et_pb_section fb_built=\u00a0\u00bb1&Prime; admin_label=\u00a0\u00bbHeader\u00a0\u00bb _builder_version=\u00a0\u00bb4.25.1&Prime; _module_preset=\u00a0\u00bbdefault\u00a0\u00bb hover_enabled=\u00a0\u00bb0&Prime; locked=\u00a0\u00bboff\u00a0\u00bb collapsed=\u00a0\u00bboff\u00a0\u00bb global_colors_info=\u00a0\u00bb{}\u00a0\u00bb border_width_bottom=\u00a0\u00bb1px\u00a0\u00bb sticky_enabled=\u00a0\u00bb0&Prime;][et_pb_row _builder_version=\u00a0\u00bb4.24.2&Prime; _module_preset=\u00a0\u00bbdefault\u00a0\u00bb width=\u00a0\u00bb90%\u00a0\u00bb max_width=\u00a0\u00bb2000px\u00a0\u00bb global_colors_info=\u00a0\u00bb{}\u00a0\u00bb][et_pb_column type=\u00a0\u00bb4_4&Prime; _builder_version=\u00a0\u00bb4.24.2&Prime; _module_preset=\u00a0\u00bbdefault\u00a0\u00bb global_colors_info=\u00a0\u00bb{}\u00a0\u00bb][et_pb_text _builder_version=\u00a0\u00bb4.25.1&Prime; _module_preset=\u00a0\u00bbe361eabd-dcb3-48c8-9095-2689ac4e3306&Prime; global_colors_info=\u00a0\u00bb{}\u00a0\u00bb]<\/p>\n<h1>prenons rendez-vous<\/h1>\n<p>[\/et_pb_text][\/et_pb_column][\/et_pb_row][et_pb_row _builder_version=\u00a0\u00bb4.25.1&Prime; _module_preset=\u00a0\u00bbdefault\u00a0\u00bb border_width_all=\u00a0\u00bb1px\u00a0\u00bb global_colors_info=\u00a0\u00bb{}\u00a0\u00bb][et_pb_column type=\u00a0\u00bb4_4&Prime; _builder_version=\u00a0\u00bb4.25.1&Prime; _module_preset=\u00a0\u00bbdefault\u00a0\u00bb global_colors_info=\u00a0\u00bb{}\u00a0\u00bb][et_pb_code _builder_version=\u00a0\u00bb4.25.1&Prime; _module_preset=\u00a0\u00bbdefault\u00a0\u00bb global_colors_info=\u00a0\u00bb{}\u00a0\u00bb]<!-- Google Calendar Appointment Scheduling begin --><!-- [et_pb_line_break_holder] --><iframe loading=\"lazy\" src=\"https:\/\/calendar.google.com\/calendar\/appointments\/schedules\/AcZssZ1yi7dWIRO1DN-x6NN0faMC1JmnIIPgqJ1BEa7mWW0mMoNnZ9pIX_XbIf76futm4_dmi9tT_DxL?gv=true\" style=\"border: 0\" width=\"100%\" height=\"800\" frameborder=\"0\"><\/iframe><!-- [et_pb_line_break_holder] --><!-- end Google Calendar Appointment\u00a0Scheduling\u00a0-->[\/et_pb_code][\/et_pb_column][\/et_pb_row][\/et_pb_section]<\/p>\n","protected":false},"excerpt":{"rendered":"<p>\u6211\u4eec\u9884\u7ea6\u5427<\/p>","protected":false},"author":1,"featured_media":0,"parent":0,"menu_order":80,"comment_status":"closed","ping_status":"closed","template":"","meta":{"_et_pb_use_builder":"on","_et_pb_old_content":"<!-- wp:divi\/placeholder \/-->","_et_gb_content_width":"","footnotes":""},"class_list":["post-108","page","type-page","status-publish","hentry"],"yoast_head":"<!-- This site is optimized with the Yoast SEO plugin v27.3 - https:\/\/yoast.com\/product\/yoast-seo-wordpress\/ -->\n<title>MEDJO - rdv<\/title>\n<meta name=\"description\" content=\"Charlotte Fossati, assistante sociale, job coach, \u00e9crivaine, harmonie conjugale, restauration de la femme bafou\u00e9e, enfant tdah, accompagnement single mums, r\u00e9insertion professionnelle\" \/>\n<meta name=\"robots\" content=\"index, follow, max-snippet:-1, max-image-preview:large, max-video-preview:-1\" \/>\n<link rel=\"canonical\" href=\"https:\/\/medjo.ch\/zh\/rdv\/\" \/>\n<meta property=\"og:locale\" content=\"zh_CN\" \/>\n<meta property=\"og:type\" content=\"article\" \/>\n<meta property=\"og:title\" content=\"MEDJO - rdv\" \/>\n<meta property=\"og:description\" content=\"Charlotte Fossati, assistante sociale, job coach, \u00e9crivaine, harmonie conjugale, restauration de la femme bafou\u00e9e, enfant tdah, accompagnement single mums, r\u00e9insertion professionnelle\" \/>\n<meta property=\"og:url\" content=\"https:\/\/medjo.ch\/zh\/rdv\/\" \/>\n<meta property=\"og:site_name\" content=\"MEDJO\" \/>\n<meta property=\"article:modified_time\" content=\"2024-05-11T08:12:15+00:00\" \/>\n<meta property=\"og:image\" content=\"https:\/\/medjo.ch\/wp-content\/uploads\/2024\/05\/nominal.png\" \/>\n\t<meta property=\"og:image:width\" content=\"1538\" \/>\n\t<meta property=\"og:image:height\" content=\"243\" \/>\n\t<meta property=\"og:image:type\" content=\"image\/png\" \/>\n<meta name=\"twitter:card\" content=\"summary_large_image\" \/>\n<meta name=\"twitter:label1\" content=\"\u9884\u8ba1\u9605\u8bfb\u65f6\u95f4\" \/>\n\t<meta name=\"twitter:data1\" content=\"1 \u5206\" \/>\n<script type=\"application\/ld+json\" class=\"yoast-schema-graph\">{\"@context\":\"https:\\\/\\\/schema.org\",\"@graph\":[{\"@type\":\"WebPage\",\"@id\":\"https:\\\/\\\/medjo.ch\\\/en\\\/rdv\\\/\",\"url\":\"https:\\\/\\\/medjo.ch\\\/en\\\/rdv\\\/\",\"name\":\"MEDJO - rdv\",\"isPartOf\":{\"@id\":\"http:\\\/\\\/medjo.ch\\\/#website\"},\"datePublished\":\"2024-05-10T14:36:36+00:00\",\"dateModified\":\"2024-05-11T08:12:15+00:00\",\"description\":\"Charlotte Fossati, assistante sociale, job coach, \u00e9crivaine, harmonie conjugale, restauration de la femme bafou\u00e9e, enfant tdah, accompagnement single mums, r\u00e9insertion professionnelle\",\"breadcrumb\":{\"@id\":\"https:\\\/\\\/medjo.ch\\\/en\\\/rdv\\\/#breadcrumb\"},\"inLanguage\":\"zh-Hans\",\"potentialAction\":[{\"@type\":\"ReadAction\",\"target\":[\"https:\\\/\\\/medjo.ch\\\/en\\\/rdv\\\/\"]}]},{\"@type\":\"BreadcrumbList\",\"@id\":\"https:\\\/\\\/medjo.ch\\\/en\\\/rdv\\\/#breadcrumb\",\"itemListElement\":[{\"@type\":\"ListItem\",\"position\":1,\"name\":\"Accueil\",\"item\":\"https:\\\/\\\/medjo.ch\\\/\"},{\"@type\":\"ListItem\",\"position\":2,\"name\":\"rdv\"}]},{\"@type\":\"WebSite\",\"@id\":\"http:\\\/\\\/medjo.ch\\\/#website\",\"url\":\"http:\\\/\\\/medjo.ch\\\/\",\"name\":\"Charlotte Fossati\",\"description\":\"L\u2019inarr\u00eatable conseill\u00e8re\",\"publisher\":{\"@id\":\"http:\\\/\\\/medjo.ch\\\/#organization\"},\"alternateName\":\"Charlotte Fossati, assistante socile, Jobcoach, \u00e9crivaine\",\"potentialAction\":[{\"@type\":\"SearchAction\",\"target\":{\"@type\":\"EntryPoint\",\"urlTemplate\":\"http:\\\/\\\/medjo.ch\\\/?s={search_term_string}\"},\"query-input\":{\"@type\":\"PropertyValueSpecification\",\"valueRequired\":true,\"valueName\":\"search_term_string\"}}],\"inLanguage\":\"zh-Hans\"},{\"@type\":\"Organization\",\"@id\":\"http:\\\/\\\/medjo.ch\\\/#organization\",\"name\":\"Charlotte Fossati\",\"url\":\"http:\\\/\\\/medjo.ch\\\/\",\"logo\":{\"@type\":\"ImageObject\",\"inLanguage\":\"zh-Hans\",\"@id\":\"http:\\\/\\\/medjo.ch\\\/#\\\/schema\\\/logo\\\/image\\\/\",\"url\":\"https:\\\/\\\/medjo.ch\\\/wp-content\\\/uploads\\\/2024\\\/05\\\/nominal.png\",\"contentUrl\":\"https:\\\/\\\/medjo.ch\\\/wp-content\\\/uploads\\\/2024\\\/05\\\/nominal.png\",\"width\":1538,\"height\":243,\"caption\":\"Charlotte Fossati\"},\"image\":{\"@id\":\"http:\\\/\\\/medjo.ch\\\/#\\\/schema\\\/logo\\\/image\\\/\"},\"sameAs\":[\"http:\\\/\\\/www.linkedin.com\\\/in\\\/charlotte-fossati-31719a1a\",\"https:\\\/\\\/www.instagram.com\\\/pierrettecharlotte\\\/\"]}]}<\/script>\n<!-- \/ Yoast SEO plugin. -->","yoast_head_json":{"title":"MEDJO - rdv","description":"Charlotte Fossati\uff0c\u793e\u5de5\uff0c\u5c31\u4e1a\u6307\u5bfc\uff0c\u4f5c\u5bb6\uff0c\u5a5a\u59fb\u548c\u8c10\uff0c\u5e2e\u52a9\u53d7\u5bb3\u5987\u5973\uff0c\u591a\u52a8\u75c7\u513f\u7ae5\uff0c\u5355\u8eab\u6bcd\u4eb2\u652f\u6301\uff0c\u804c\u4e1a\u518d\u5c31\u4e1a","robots":{"index":"index","follow":"follow","max-snippet":"max-snippet:-1","max-image-preview":"max-image-preview:large","max-video-preview":"max-video-preview:-1"},"canonical":"https:\/\/medjo.ch\/zh\/rdv\/","og_locale":"zh_CN","og_type":"article","og_title":"MEDJO - rdv","og_description":"Charlotte Fossati, assistante sociale, job coach, \u00e9crivaine, harmonie conjugale, restauration de la femme bafou\u00e9e, enfant tdah, accompagnement single mums, r\u00e9insertion professionnelle","og_url":"https:\/\/medjo.ch\/zh\/rdv\/","og_site_name":"MEDJO","article_modified_time":"2024-05-11T08:12:15+00:00","og_image":[{"width":1538,"height":243,"url":"https:\/\/medjo.ch\/wp-content\/uploads\/2024\/05\/nominal.png","type":"image\/png"}],"twitter_card":"summary_large_image","twitter_misc":{"\u9884\u8ba1\u9605\u8bfb\u65f6\u95f4":"1 \u5206"},"schema":{"@context":"https:\/\/schema.org","@graph":[{"@type":"WebPage","@id":"https:\/\/medjo.ch\/en\/rdv\/","url":"https:\/\/medjo.ch\/en\/rdv\/","name":"MEDJO - rdv","isPartOf":{"@id":"http:\/\/medjo.ch\/#website"},"datePublished":"2024-05-10T14:36:36+00:00","dateModified":"2024-05-11T08:12:15+00:00","description":"Charlotte Fossati\uff0c\u793e\u5de5\uff0c\u5c31\u4e1a\u6307\u5bfc\uff0c\u4f5c\u5bb6\uff0c\u5a5a\u59fb\u548c\u8c10\uff0c\u5e2e\u52a9\u53d7\u5bb3\u5987\u5973\uff0c\u591a\u52a8\u75c7\u513f\u7ae5\uff0c\u5355\u8eab\u6bcd\u4eb2\u652f\u6301\uff0c\u804c\u4e1a\u518d\u5c31\u4e1a","breadcrumb":{"@id":"https:\/\/medjo.ch\/en\/rdv\/#breadcrumb"},"inLanguage":"zh-Hans","potentialAction":[{"@type":"ReadAction","target":["https:\/\/medjo.ch\/en\/rdv\/"]}]},{"@type":"BreadcrumbList","@id":"https:\/\/medjo.ch\/en\/rdv\/#breadcrumb","itemListElement":[{"@type":"ListItem","position":1,"name":"Accueil","item":"https:\/\/medjo.ch\/"},{"@type":"ListItem","position":2,"name":"rdv"}]},{"@type":"WebSite","@id":"http:\/\/medjo.ch\/#website","url":"http:\/\/medjo.ch\/","name":"Charlotte Fossati","description":"\u4e0d\u53ef\u963b\u6321\u7684\u987e\u95ee","publisher":{"@id":"http:\/\/medjo.ch\/#organization"},"alternateName":"Charlotte Fossati, assistante socile, Jobcoach, \u00e9crivaine","potentialAction":[{"@type":"SearchAction","target":{"@type":"EntryPoint","urlTemplate":"http:\/\/medjo.ch\/?s={search_term_string}"},"query-input":{"@type":"PropertyValueSpecification","valueRequired":true,"valueName":"search_term_string"}}],"inLanguage":"zh-Hans"},{"@type":"Organization","@id":"http:\/\/medjo.ch\/#organization","name":"Charlotte Fossati","url":"http:\/\/medjo.ch\/","logo":{"@type":"ImageObject","inLanguage":"zh-Hans","@id":"http:\/\/medjo.ch\/#\/schema\/logo\/image\/","url":"https:\/\/medjo.ch\/wp-content\/uploads\/2024\/05\/nominal.png","contentUrl":"https:\/\/medjo.ch\/wp-content\/uploads\/2024\/05\/nominal.png","width":1538,"height":243,"caption":"Charlotte Fossati"},"image":{"@id":"http:\/\/medjo.ch\/#\/schema\/logo\/image\/"},"sameAs":["http:\/\/www.linkedin.com\/in\/charlotte-fossati-31719a1a","https:\/\/www.instagram.com\/pierrettecharlotte\/"]}]}},"_links":{"self":[{"href":"https:\/\/medjo.ch\/zh\/wp-json\/wp\/v2\/pages\/108","targetHints":{"allow":["GET"]}}],"collection":[{"href":"https:\/\/medjo.ch\/zh\/wp-json\/wp\/v2\/pages"}],"about":[{"href":"https:\/\/medjo.ch\/zh\/wp-json\/wp\/v2\/types\/page"}],"author":[{"embeddable":true,"href":"https:\/\/medjo.ch\/zh\/wp-json\/wp\/v2\/users\/1"}],"replies":[{"embeddable":true,"href":"https:\/\/medjo.ch\/zh\/wp-json\/wp\/v2\/comments?post=108"}],"version-history":[{"count":5,"href":"https:\/\/medjo.ch\/zh\/wp-json\/wp\/v2\/pages\/108\/revisions"}],"predecessor-version":[{"id":216,"href":"https:\/\/medjo.ch\/zh\/wp-json\/wp\/v2\/pages\/108\/revisions\/216"}],"wp:attachment":[{"href":"https:\/\/medjo.ch\/zh\/wp-json\/wp\/v2\/media?parent=108"}],"curies":[{"name":"wp","href":"https:\/\/api.w.org\/{rel}","templated":true}]}}